{"id":3419427,"date":"2024-01-29T13:31:59","date_gmt":"2024-01-29T13:31:59","guid":{"rendered":"https:\/\/portgruppen.acrowd.se\/?page_id=3419427"},"modified":"2025-11-11T08:35:14","modified_gmt":"2025-11-11T08:35:14","slug":"medlemskap","status":"publish","type":"page","link":"https:\/\/www.portgruppen.org\/en\/medlemskap\/","title":{"rendered":"Membership"},"content":{"rendered":"<div style=\"height:50px\" aria-hidden=\"true\" class=\"wp-block-spacer\"><\/div>\n\n\n<section  class=\"tebab-block-split_screen alignfull image_alignment-right\">\n    <div class=\"contained\">\n        <div class=\"tebab-block-split_screen__image-wrapper\">\n            <img loading=\"lazy\" decoding=\"async\" width=\"1142\" height=\"1080\" src=\"https:\/\/www.portgruppen.org\/wp-content\/uploads\/2025\/06\/BRG_0836-e1756847288246-1142x1080.jpg\" class=\"attachment-landscape size-landscape\" alt=\"\" srcset=\"https:\/\/www.portgruppen.org\/wp-content\/uploads\/2025\/06\/BRG_0836-e1756847288246-1142x1080.jpg 1142w, https:\/\/www.portgruppen.org\/wp-content\/uploads\/2025\/06\/BRG_0836-e1756847288246-300x284.jpg 300w, https:\/\/www.portgruppen.org\/wp-content\/uploads\/2025\/06\/BRG_0836-e1756847288246-1024x968.jpg 1024w, https:\/\/www.portgruppen.org\/wp-content\/uploads\/2025\/06\/BRG_0836-e1756847288246-768x726.jpg 768w, https:\/\/www.portgruppen.org\/wp-content\/uploads\/2025\/06\/BRG_0836-e1756847288246-1536x1453.jpg 1536w, https:\/\/www.portgruppen.org\/wp-content\/uploads\/2025\/06\/BRG_0836-e1756847288246.jpg 1586w\" sizes=\"auto, (max-width: 1142px) 100vw, 1142px\" \/>        <\/div>\n\n        <div class=\"tebab-block-split_screen__content-wrapper\">\n            <h1>Curious about a membership?<\/h1>\n<div>\n<p>We can help you with all related questions.<\/p>\n<\/div>\n<ul>\n<li>Access to an industry-specific network<\/li>\n<li>Access to industry-specific training such as Secure Port, Construction Law and Contract Law<\/li>\n<li>Continuous information about current legal requirements and regulations<\/li>\n<li>Member meetings with information, inspiration and decisions about the association&#039;s activities and development<\/li>\n<li>Opportunity to influence regulations and standards<\/li>\n<li>Quarterly industry statistics for those who provide sales data<\/li>\n<\/ul>\n<p>Welcome to read more about Portgruppen&#039;s membership offer and fill out your application.<\/p>\n<p>&nbsp;<\/p>\n\n                            <div class=\"tebab-block-split_screen__buttons\">\n                                            <a href=\"https:\/\/www.portgruppen.org\/en\/dokument\/nyfiken-pa-ett-medlemskap\/\" class=\"button primary\" target=\"1\" rel=\"noreferrer\">Read more about membership<\/a>\n                                            <a href=\"https:\/\/www.portgruppen.org\/en\/dokument\/medlemsansokan\/\" class=\"button styled\" target=\"1\" rel=\"noreferrer\">Membership application<\/a>\n                                    <\/div>\n            \n        <\/div>\n    <\/div>\n<\/section>\n\n\n<div style=\"height:50px\" aria-hidden=\"true\" class=\"wp-block-spacer\"><\/div>\n\n\n\n<div class=\"wp-block-columns alignwide is-layout-flex wp-container-core-columns-is-layout-9d6595d7 wp-block-columns-is-layout-flex\">\n<div class=\"wp-block-column is-layout-flow wp-block-column-is-layout-flow\" style=\"flex-basis:50%\">\n<figure class=\"wp-block-gallery has-nested-images columns-default is-cropped wp-block-gallery-1 is-layout-flex wp-block-gallery-is-layout-flex\">\n<figure class=\"wp-block-image size-full is-style-default\"><img loading=\"lazy\" decoding=\"async\" width=\"1000\" height=\"667\" data-id=\"3419496\" src=\"https:\/\/www.portgruppen.org\/wp-content\/uploads\/2024\/02\/Portgruppen-hostmote2023-1.png\" alt=\"\" class=\"wp-image-3419496\" style=\"aspect-ratio:1;object-fit:cover\" srcset=\"https:\/\/www.portgruppen.org\/wp-content\/uploads\/2024\/02\/Portgruppen-hostmote2023-1.png 1000w, https:\/\/www.portgruppen.org\/wp-content\/uploads\/2024\/02\/Portgruppen-hostmote2023-1-300x200.png 300w, https:\/\/www.portgruppen.org\/wp-content\/uploads\/2024\/02\/Portgruppen-hostmote2023-1-768x512.png 768w\" sizes=\"auto, (max-width: 1000px) 100vw, 1000px\" \/><\/figure>\n<\/figure>\n<\/div>\n\n\n\n<div class=\"wp-block-column is-layout-flow wp-block-column-is-layout-flow\" style=\"flex-basis:50%\">\n<h1 class=\"wp-block-heading\">Registration of interest for membership<\/h1>\n\n\n\n<p>Would you like to become a member of Portgruppen? Fill in your contact information below and we will get back to you!<\/p>\n\n\n<section  class=\"tebab-block-form\">\n    <form data-tebab-form=\"block_2a4c2f5344944bd71ec811c3db793464\" data-tebab-page=\"3419427\" action=\"\">\n        <label class=\"input-wrapper required\" for=\"namn\">\n    <span>Name *<\/span>\n    <input type=\"text\" name=\"namn\" id=\"namn\" placeholder=\"\" required>\n<\/label><label class=\"input-wrapper required\" for=\"foretag\">\n    <span>Company *<\/span>\n    <input type=\"text\" name=\"foretag\" id=\"foretag\" placeholder=\"\" required>\n<\/label><label class=\"input-wrapper required\" for=\"e-post\">\n    <span>Email *<\/span>\n    <input type=\"email\" name=\"e-post\" id=\"e-post\" placeholder=\"\" required>\n<\/label><label class=\"input-wrapper\" for=\"meddelande\">\n    <span>Message<\/span>\n    <textarea type=\"text\" name=\"meddelande\" id=\"meddelande\" placeholder=\"\"  rows=\"6\"><\/textarea>\n<\/label><label class=\"input-wrapper required\" for=\"godkann-policy\">\n    <input type=\"checkbox\" name=\"godkann-policy\" id=\"godkann-policy\" required>\n    <span>I agree to Portgruppen&#039;s privacy policy *<\/span>\n<\/label>\n        <div class=\"input-wrapper\">\n            <button type=\"submit\" class=\"button\">Send<\/button>\n        <\/div>\n\n            <input type=\"hidden\" name=\"trp-form-language\" value=\"en\"\/><\/form>\n<\/section><\/div>\n<\/div>\n\n\n\n<div style=\"height:50px\" aria-hidden=\"true\" class=\"wp-block-spacer\"><\/div>","protected":false},"excerpt":{"rendered":"<p>Registration of interest for membership Would you like to become a member of Portgruppen? Fill in your contact information below and we will get back to you!<\/p>","protected":false},"author":7,"featured_media":0,"parent":0,"menu_order":0,"comment_status":"closed","ping_status":"closed","template":"","meta":{"footnotes":""},"class_list":["post-3419427","page","type-page","status-publish","hentry"],"acf":[],"yoast_head":"<!-- This site is optimized with the Yoast SEO plugin v26.5 - https:\/\/yoast.com\/wordpress\/plugins\/seo\/ -->\n<title>Medlemskap - Portgruppen<\/title>\n<meta name=\"robots\" content=\"index, follow, max-snippet:-1, max-image-preview:large, max-video-preview:-1\" \/>\n<link rel=\"canonical\" href=\"https:\/\/www.portgruppen.org\/en\/medlemskap\/\" \/>\n<meta property=\"og:locale\" content=\"en_US\" \/>\n<meta property=\"og:type\" content=\"article\" \/>\n<meta property=\"og:title\" content=\"Medlemskap - Portgruppen\" \/>\n<meta property=\"og:description\" content=\"Intresseanm\u00e4lan medlemskap Vill du bli medlem i Portgruppen? Fyll i dina kontaktuppgifter nedan s\u00e5 \u00e5terkommer vi till dig!\" \/>\n<meta property=\"og:url\" content=\"https:\/\/www.portgruppen.org\/en\/medlemskap\/\" \/>\n<meta property=\"og:site_name\" content=\"Portgruppen\" \/>\n<meta property=\"article:modified_time\" content=\"2025-11-11T08:35:14+00:00\" \/>\n<meta property=\"og:image\" content=\"https:\/\/www.portgruppen.org\/wp-content\/uploads\/2024\/02\/Portgruppen-hostmote2023-1.png\" \/>\n<meta name=\"twitter:card\" content=\"summary_large_image\" \/>\n<meta name=\"twitter:label1\" content=\"Est. reading time\" \/>\n\t<meta name=\"twitter:data1\" content=\"1 minute\" \/>\n<script type=\"application\/ld+json\" class=\"yoast-schema-graph\">{\"@context\":\"https:\/\/schema.org\",\"@graph\":[{\"@type\":\"WebPage\",\"@id\":\"https:\/\/www.portgruppen.org\/medlemskap\/\",\"url\":\"https:\/\/www.portgruppen.org\/medlemskap\/\",\"name\":\"Medlemskap - Portgruppen\",\"isPartOf\":{\"@id\":\"https:\/\/www.portgruppen.org\/#website\"},\"primaryImageOfPage\":{\"@id\":\"https:\/\/www.portgruppen.org\/medlemskap\/#primaryimage\"},\"image\":{\"@id\":\"https:\/\/www.portgruppen.org\/medlemskap\/#primaryimage\"},\"thumbnailUrl\":\"https:\/\/www.portgruppen.org\/wp-content\/uploads\/2024\/02\/Portgruppen-hostmote2023-1.png\",\"datePublished\":\"2024-01-29T13:31:59+00:00\",\"dateModified\":\"2025-11-11T08:35:14+00:00\",\"breadcrumb\":{\"@id\":\"https:\/\/www.portgruppen.org\/medlemskap\/#breadcrumb\"},\"inLanguage\":\"en-US\",\"potentialAction\":[{\"@type\":\"ReadAction\",\"target\":[\"https:\/\/www.portgruppen.org\/medlemskap\/\"]}]},{\"@type\":\"ImageObject\",\"inLanguage\":\"en-US\",\"@id\":\"https:\/\/www.portgruppen.org\/medlemskap\/#primaryimage\",\"url\":\"https:\/\/www.portgruppen.org\/wp-content\/uploads\/2024\/02\/Portgruppen-hostmote2023-1.png\",\"contentUrl\":\"https:\/\/www.portgruppen.org\/wp-content\/uploads\/2024\/02\/Portgruppen-hostmote2023-1.png\"},{\"@type\":\"BreadcrumbList\",\"@id\":\"https:\/\/www.portgruppen.org\/medlemskap\/#breadcrumb\",\"itemListElement\":[{\"@type\":\"ListItem\",\"position\":1,\"name\":\"Home\",\"item\":\"https:\/\/www.portgruppen.org\/\"},{\"@type\":\"ListItem\",\"position\":2,\"name\":\"Medlemskap\"}]},{\"@type\":\"WebSite\",\"@id\":\"https:\/\/www.portgruppen.org\/#website\",\"url\":\"https:\/\/www.portgruppen.org\/\",\"name\":\"Portgruppen\",\"description\":\"Swedish association of door and shutter suppliers\",\"publisher\":{\"@id\":\"https:\/\/www.portgruppen.org\/#organization\"},\"potentialAction\":[{\"@type\":\"SearchAction\",\"target\":{\"@type\":\"EntryPoint\",\"urlTemplate\":\"https:\/\/www.portgruppen.org\/?s={search_term_string}\"},\"query-input\":{\"@type\":\"PropertyValueSpecification\",\"valueRequired\":true,\"valueName\":\"search_term_string\"}}],\"inLanguage\":\"en-US\"},{\"@type\":\"Organization\",\"@id\":\"https:\/\/www.portgruppen.org\/#organization\",\"name\":\"Portgruppen\",\"url\":\"https:\/\/www.portgruppen.org\/\",\"logo\":{\"@type\":\"ImageObject\",\"inLanguage\":\"en-US\",\"@id\":\"https:\/\/www.portgruppen.org\/#\/schema\/logo\/image\/\",\"url\":\"https:\/\/www.portgruppen.org\/wp-content\/uploads\/2025\/02\/cropped-cropped-cropped-cropped-Portgruppen-50-liggande.png\",\"contentUrl\":\"https:\/\/www.portgruppen.org\/wp-content\/uploads\/2025\/02\/cropped-cropped-cropped-cropped-Portgruppen-50-liggande.png\",\"width\":1742,\"height\":333,\"caption\":\"Portgruppen\"},\"image\":{\"@id\":\"https:\/\/www.portgruppen.org\/#\/schema\/logo\/image\/\"}}]}<\/script>\n<!-- \/ Yoast SEO plugin. -->","yoast_head_json":{"title":"Medlemskap - Portgruppen","robots":{"index":"index","follow":"follow","max-snippet":"max-snippet:-1","max-image-preview":"max-image-preview:large","max-video-preview":"max-video-preview:-1"},"canonical":"https:\/\/www.portgruppen.org\/en\/medlemskap\/","og_locale":"en_US","og_type":"article","og_title":"Medlemskap - Portgruppen","og_description":"Intresseanm\u00e4lan medlemskap Vill du bli medlem i Portgruppen? Fyll i dina kontaktuppgifter nedan s\u00e5 \u00e5terkommer vi till dig!","og_url":"https:\/\/www.portgruppen.org\/en\/medlemskap\/","og_site_name":"Portgruppen","article_modified_time":"2025-11-11T08:35:14+00:00","og_image":[{"url":"https:\/\/www.portgruppen.org\/wp-content\/uploads\/2024\/02\/Portgruppen-hostmote2023-1.png","type":"","width":"","height":""}],"twitter_card":"summary_large_image","twitter_misc":{"Est. reading time":"1 minute"},"schema":{"@context":"https:\/\/schema.org","@graph":[{"@type":"WebPage","@id":"https:\/\/www.portgruppen.org\/medlemskap\/","url":"https:\/\/www.portgruppen.org\/medlemskap\/","name":"Medlemskap - Portgruppen","isPartOf":{"@id":"https:\/\/www.portgruppen.org\/#website"},"primaryImageOfPage":{"@id":"https:\/\/www.portgruppen.org\/medlemskap\/#primaryimage"},"image":{"@id":"https:\/\/www.portgruppen.org\/medlemskap\/#primaryimage"},"thumbnailUrl":"https:\/\/www.portgruppen.org\/wp-content\/uploads\/2024\/02\/Portgruppen-hostmote2023-1.png","datePublished":"2024-01-29T13:31:59+00:00","dateModified":"2025-11-11T08:35:14+00:00","breadcrumb":{"@id":"https:\/\/www.portgruppen.org\/medlemskap\/#breadcrumb"},"inLanguage":"en-US","potentialAction":[{"@type":"ReadAction","target":["https:\/\/www.portgruppen.org\/medlemskap\/"]}]},{"@type":"ImageObject","inLanguage":"en-US","@id":"https:\/\/www.portgruppen.org\/medlemskap\/#primaryimage","url":"https:\/\/www.portgruppen.org\/wp-content\/uploads\/2024\/02\/Portgruppen-hostmote2023-1.png","contentUrl":"https:\/\/www.portgruppen.org\/wp-content\/uploads\/2024\/02\/Portgruppen-hostmote2023-1.png"},{"@type":"BreadcrumbList","@id":"https:\/\/www.portgruppen.org\/medlemskap\/#breadcrumb","itemListElement":[{"@type":"ListItem","position":1,"name":"Home","item":"https:\/\/www.portgruppen.org\/"},{"@type":"ListItem","position":2,"name":"Medlemskap"}]},{"@type":"WebSite","@id":"https:\/\/www.portgruppen.org\/#website","url":"https:\/\/www.portgruppen.org\/","name":"The port group","description":"Swedish association of door and shutter suppliers","publisher":{"@id":"https:\/\/www.portgruppen.org\/#organization"},"potentialAction":[{"@type":"SearchAction","target":{"@type":"EntryPoint","urlTemplate":"https:\/\/www.portgruppen.org\/?s={search_term_string}"},"query-input":{"@type":"PropertyValueSpecification","valueRequired":true,"valueName":"search_term_string"}}],"inLanguage":"en-US"},{"@type":"Organization","@id":"https:\/\/www.portgruppen.org\/#organization","name":"The port group","url":"https:\/\/www.portgruppen.org\/","logo":{"@type":"ImageObject","inLanguage":"en-US","@id":"https:\/\/www.portgruppen.org\/#\/schema\/logo\/image\/","url":"https:\/\/www.portgruppen.org\/wp-content\/uploads\/2025\/02\/cropped-cropped-cropped-cropped-Portgruppen-50-liggande.png","contentUrl":"https:\/\/www.portgruppen.org\/wp-content\/uploads\/2025\/02\/cropped-cropped-cropped-cropped-Portgruppen-50-liggande.png","width":1742,"height":333,"caption":"Portgruppen"},"image":{"@id":"https:\/\/www.portgruppen.org\/#\/schema\/logo\/image\/"}}]}},"_links":{"self":[{"href":"https:\/\/www.portgruppen.org\/en\/wp-json\/wp\/v2\/pages\/3419427","targetHints":{"allow":["GET"]}}],"collection":[{"href":"https:\/\/www.portgruppen.org\/en\/wp-json\/wp\/v2\/pages"}],"about":[{"href":"https:\/\/www.portgruppen.org\/en\/wp-json\/wp\/v2\/types\/page"}],"author":[{"embeddable":true,"href":"https:\/\/www.portgruppen.org\/en\/wp-json\/wp\/v2\/users\/7"}],"replies":[{"embeddable":true,"href":"https:\/\/www.portgruppen.org\/en\/wp-json\/wp\/v2\/comments?post=3419427"}],"version-history":[{"count":73,"href":"https:\/\/www.portgruppen.org\/en\/wp-json\/wp\/v2\/pages\/3419427\/revisions"}],"predecessor-version":[{"id":3421783,"href":"https:\/\/www.portgruppen.org\/en\/wp-json\/wp\/v2\/pages\/3419427\/revisions\/3421783"}],"wp:attachment":[{"href":"https:\/\/www.portgruppen.org\/en\/wp-json\/wp\/v2\/media?parent=3419427"}],"curies":[{"name":"wp","href":"https:\/\/api.w.org\/{rel}","templated":true}]}}